{"id":16773,"date":"2022-05-30T13:06:04","date_gmt":"2024-01-30T08:59:25","guid":{"rendered":"https:\/\/www.snsystems.net\/?post_type=product&#038;p=16773"},"modified":"2024-11-27T10:36:26","modified_gmt":"2024-11-27T09:36:26","slug":"cash-drawer-flip-top-d5","status":"publish","type":"product","link":"https:\/\/www.snsystems.net\/en\/prodotto\/cash-drawer-flip-top-d5\/","title":{"rendered":"Cash Drawer Flip Top SS D5\u00ae"},"content":{"rendered":"<div class=\"wpb-content-wrapper\"><p>[vc_row][vc_column]<a\thref=\"https:\/\/www.snsystems.net\/wp-content\/uploads\/2024\/02\/TECHNICAL-DATASHEET-ENG-SN-FT-D5-BK-SS.pdf\" \n\t\t\t\tclass=\"button btn_medium btn_theme_color btn_rounded btn_normal_style    \"  target='_blank'><span>download datasheet<\/span><\/a>[\/vc_column][\/vc_row][vc_row][vc_column][vc_column_text css=&#8221;&#8221;]<strong>High-Quality Cash Drawers Manufacturing \u2013 SN SYSTEMS<\/strong><\/p>\n<p>For years, our oldest division has been dedicated to producing\u00a0<strong>high-quality cash drawers<\/strong>. We offer a wide range of models with various\u00a0<strong>sizes<\/strong>,\u00a0<strong>designs<\/strong>,\u00a0<strong>colors<\/strong>, and\u00a0<strong>cable interface options<\/strong>\u00a0to meet the diverse needs of the market.<\/p>\n<p>With years of experience and proven\u00a0<strong>professionalism<\/strong>, SN SYSTEMS is the ideal partner for those seeking\u00a0<strong>reliable<\/strong>\u00a0and cutting-edge products.<\/p>\n<p>Our cash drawers are suitable for all types of\u00a0<a href=\"https:\/\/en.wikipedia.org\/wiki\/Point_of_sale\"><strong>POS<\/strong><\/a>\u00a0and\u00a0<strong>ECR<\/strong>\u00a0systems, providing secure and efficient solutions for every transaction. Specifically, our flagship model is made entirely of\u00a0<strong>stainless steel<\/strong>, ensuring exceptional durability, strength, and security.<\/p>\n<p>By choosing SN SYSTEMS, you can be confident in a\u00a0<strong>high-quality product<\/strong>\u00a0designed for longevity, meeting the ever-evolving demands of the market.<\/p>\n<p><strong>Looking for a personalized product?<\/strong>\u00a0Check out our\u00a0<a href=\"https:\/\/www.snsystems.net\/en\/company\/oem-odm-project\/\"><strong>Custom Page<\/strong><\/a>\u00a0process and contact us to evaluate your new solution with our experts. We\u2019ll help you find the perfect fit for your specific needs.<\/p>\n<h2>FLIPTOP Series<\/h2>\n<p>The FLIPTOP series is designed for heavy use, ensuring a minimum guaranteed number of 2 million openings (vertical opening). Years of experience and professionalism in production make us a reliable partner, capable of offering high-quality products certified by leading <strong>shop furniture manufacturers<\/strong> and <strong>system integrators.<\/strong> Our cash drawers can be used for all types of franchise chains, supermarkets, and retailers.<\/p>\n<h2>FlipTop Cash Drawwer SN D5<\/h2>\n<p>[\/vc_column_text]<div class=\"boc_spacing \" style=\"height: 40px\"><\/div>[vc_column_text]<\/p>\n<ul>\n<li>Dimensions: 460 L x 170 W x 100 H (mm)<\/li>\n<\/ul>\n<p><img loading=\"lazy\" decoding=\"async\" class=\"size-full wp-image-16774 aligncenter\" src=\"https:\/\/www.snsystems.net\/wp-content\/uploads\/2024\/01\/10-cm.png\" alt=\"\" width=\"300\" height=\"123\" \/><\/p>\n<ul>\n<li>Top cover in stainless steel SS302<\/li>\n<li>Structure entirely in steel (from 0.8 mm to 2.00 mm)<\/li>\n<li>Top cover opening system<\/li>\n<li>Color: Black,<\/li>\n<li>Cover: Stainless steel SS302<\/li>\n<li>Front slot for inserting large bills and receipts<\/li>\n<li>ABS insert: 7 bills \/ 8 coins, fully removable, adjustable bill dividers, and fixed coin compartments (storage under coins for large bills and receipts)<\/li>\n<\/ul>\n<p><img loading=\"lazy\" decoding=\"async\" class=\"size-medium wp-image-11579 aligncenter\" src=\"https:\/\/www.snsystems.net\/wp-content\/uploads\/2022\/05\/SN-46x17-R-D5.2-e1654335763850-300x112.png\" alt=\"\" width=\"300\" height=\"112\" srcset=\"https:\/\/www.snsystems.net\/wp-content\/uploads\/2022\/05\/SN-46x17-R-D5.2-e1654335763850-300x112.png 300w, https:\/\/www.snsystems.net\/wp-content\/uploads\/2022\/05\/SN-46x17-R-D5.2-e1654335763850-1024x384.png 1024w, https:\/\/www.snsystems.net\/wp-content\/uploads\/2022\/05\/SN-46x17-R-D5.2-e1654335763850-768x288.png 768w, https:\/\/www.snsystems.net\/wp-content\/uploads\/2022\/05\/SN-46x17-R-D5.2-e1654335763850-1536x575.png 1536w, https:\/\/www.snsystems.net\/wp-content\/uploads\/2022\/05\/SN-46x17-R-D5.2-e1654335763850-2048x767.png 2048w, https:\/\/www.snsystems.net\/wp-content\/uploads\/2022\/05\/SN-46x17-R-D5.2-e1654335763850-600x225.png 600w\" sizes=\"auto, (max-width: 300px) 100vw, 300px\" \/><\/p>\n<ul>\n<li>Cover with handle and lock included with 2 keys. Single key or 150 different key combinations.<\/li>\n<\/ul>\n<p><img loading=\"lazy\" decoding=\"async\" class=\"size-medium wp-image-11581 aligncenter\" src=\"https:\/\/www.snsystems.net\/wp-content\/uploads\/2022\/05\/SN-46x17-R-D5.3-e1654335723717-300x115.png\" alt=\"\" width=\"300\" height=\"115\" srcset=\"https:\/\/www.snsystems.net\/wp-content\/uploads\/2022\/05\/SN-46x17-R-D5.3-e1654335723717-300x115.png 300w, https:\/\/www.snsystems.net\/wp-content\/uploads\/2022\/05\/SN-46x17-R-D5.3-e1654335723717-1024x393.png 1024w, https:\/\/www.snsystems.net\/wp-content\/uploads\/2022\/05\/SN-46x17-R-D5.3-e1654335723717-768x295.png 768w, https:\/\/www.snsystems.net\/wp-content\/uploads\/2022\/05\/SN-46x17-R-D5.3-e1654335723717-1536x589.png 1536w, https:\/\/www.snsystems.net\/wp-content\/uploads\/2022\/05\/SN-46x17-R-D5.3-e1654335723717-2048x785.png 2048w, https:\/\/www.snsystems.net\/wp-content\/uploads\/2022\/05\/SN-46x17-R-D5.3-e1654335723717-600x230.png 600w\" sizes=\"auto, (max-width: 300px) 100vw, 300px\" \/><\/p>\n<ul>\n<li>External lock: 3 positions. Single key combinations or 25 keys with different combinations.<\/li>\n<li>Solenoid: 6V, 9V, 12V, 24V, 36V, + open\/close sensor<\/li>\n<li>DC interface: RJ11\/12, female RJ12, DSUB9 RJ11\/12<\/li>\n<li>PIN layout: 1# Ground, 2# Solenoid, 3# Microswitch, 4# Solenoid, 5# Microswitch, 6# Signal ground<\/li>\n<li>Cable length: 3.00 m<\/li>\n<li>Weight: 7.0 kg<\/li>\n<li>Tested durability up to 2,000,000 cycles<\/li>\n<\/ul>\n<p><img loading=\"lazy\" decoding=\"async\" class=\"wp-image-11710 aligncenter\" src=\"https:\/\/www.snsystems.net\/wp-content\/uploads\/2022\/05\/e8380fa8101b623e851e617f35692863-e1654334671364-250x300.png\" alt=\"\" width=\"173\" height=\"208\" srcset=\"https:\/\/www.snsystems.net\/wp-content\/uploads\/2022\/05\/e8380fa8101b623e851e617f35692863-e1654334671364-250x300.png 250w, https:\/\/www.snsystems.net\/wp-content\/uploads\/2022\/05\/e8380fa8101b623e851e617f35692863-e1654334671364-854x1024.png 854w, https:\/\/www.snsystems.net\/wp-content\/uploads\/2022\/05\/e8380fa8101b623e851e617f35692863-e1654334671364-768x921.png 768w, https:\/\/www.snsystems.net\/wp-content\/uploads\/2022\/05\/e8380fa8101b623e851e617f35692863-e1654334671364-1281x1536.png 1281w, https:\/\/www.snsystems.net\/wp-content\/uploads\/2022\/05\/e8380fa8101b623e851e617f35692863-e1654334671364-600x719.png 600w, https:\/\/www.snsystems.net\/wp-content\/uploads\/2022\/05\/e8380fa8101b623e851e617f35692863-e1654334671364.png 1620w\" sizes=\"auto, (max-width: 173px) 100vw, 173px\" \/><\/p>\n<ul>\n<li>Certifications: T\u00dcV Mechanical Safe Test Report T\u00dcV Drop Test T\u00dcV Vibration Test T\u00dcV Complies with Directive 2011\/65\/EU on the Restriction of Hazardous Substances (RoHS) CE Certification for Directive(s): 2001\/95\/CE, 2014\/35\/EU<\/li>\n<\/ul>\n<p><img loading=\"lazy\" decoding=\"async\" class=\"size-medium wp-image-11695 aligncenter\" src=\"https:\/\/www.snsystems.net\/wp-content\/uploads\/2022\/05\/CERTIFICATIONS.1-e1654268271866-300x65.png\" alt=\"\" width=\"300\" height=\"65\" srcset=\"https:\/\/www.snsystems.net\/wp-content\/uploads\/2022\/05\/CERTIFICATIONS.1-e1654268271866-300x65.png 300w, https:\/\/www.snsystems.net\/wp-content\/uploads\/2022\/05\/CERTIFICATIONS.1-e1654268271866-768x166.png 768w, https:\/\/www.snsystems.net\/wp-content\/uploads\/2022\/05\/CERTIFICATIONS.1-e1654268271866-600x130.png 600w, https:\/\/www.snsystems.net\/wp-content\/uploads\/2022\/05\/CERTIFICATIONS.1-e1654268271866.png 969w\" sizes=\"auto, (max-width: 300px) 100vw, 300px\" \/>[\/vc_column_text][\/vc_column][\/vc_row][vc_row][vc_column][\/vc_column][\/vc_row][vc_row][vc_column][\/vc_column][\/vc_row]<\/p>\n<\/div>","protected":false},"excerpt":{"rendered":"<p>[vc_row][vc_column][\/vc_column][\/vc_row][vc_row][vc_column][vc_column_text css=&#8221;&#8221;]High-Quality Cash Drawers Manufacturing \u2013 SN SYSTEMS For years, our oldest division has been dedicated to producing\u00a0high-quality cash drawers. We offer a wide range of models with various\u00a0sizes,\u00a0designs,\u00a0colors, and\u00a0cable interface options\u00a0to meet the diverse needs of the market. With years of experience and proven\u00a0professionalism, SN SYSTEMS is the ideal partner for those seeking\u00a0reliable\u00a0and cutting-edge products. Our cash drawers are<\/p>\n<div class=\"h10\"><\/div>\n<p><a class=\"more-link1\" href=\"https:\/\/www.snsystems.net\/en\/prodotto\/cash-drawer-flip-top-d5\/\">Read more<\/a><\/p>\n","protected":false},"featured_media":16783,"template":"","meta":{"_acf_changed":false},"product_brand":[],"product_cat":[491,594],"product_tag":[737,743,738,742,735,741,736,729,726,746,739,744,740,745],"class_list":{"0":"post-16773","1":"product","2":"type-product","3":"status-publish","4":"has-post-thumbnail","6":"product_cat-cash-drawers","7":"product_cat-fliptop-series","8":"product_tag-2-million-openings","9":"product_tag-cash-drawer-for-retailers","10":"product_tag-certified-cash-drawers","11":"product_tag-durable-cash-drawers","12":"product_tag-fliptop-cash-drawers","13":"product_tag-franchise-cash-drawers","14":"product_tag-heavy-duty-cash-drawer","15":"product_tag-high-quality-cash-drawers","16":"product_tag-pos-cash-drawers","17":"product_tag-reliable-cash-drawers","18":"product_tag-retail-cash-drawer","19":"product_tag-shop-furniture-cash-drawer","20":"product_tag-supermarket-cash-drawer","21":"product_tag-system-integrators","23":"first","24":"instock","25":"purchasable","26":"product-type-simple"},"acf":[],"aioseo_notices":[],"_links":{"self":[{"href":"https:\/\/www.snsystems.net\/en\/wp-json\/wp\/v2\/product\/16773","targetHints":{"allow":["GET"]}}],"collection":[{"href":"https:\/\/www.snsystems.net\/en\/wp-json\/wp\/v2\/product"}],"about":[{"href":"https:\/\/www.snsystems.net\/en\/wp-json\/wp\/v2\/types\/product"}],"wp:featuredmedia":[{"embeddable":true,"href":"https:\/\/www.snsystems.net\/en\/wp-json\/wp\/v2\/media\/16783"}],"wp:attachment":[{"href":"https:\/\/www.snsystems.net\/en\/wp-json\/wp\/v2\/media?parent=16773"}],"wp:term":[{"taxonomy":"product_brand","embeddable":true,"href":"https:\/\/www.snsystems.net\/en\/wp-json\/wp\/v2\/product_brand?post=16773"},{"taxonomy":"product_cat","embeddable":true,"href":"https:\/\/www.snsystems.net\/en\/wp-json\/wp\/v2\/product_cat?post=16773"},{"taxonomy":"product_tag","embeddable":true,"href":"https:\/\/www.snsystems.net\/en\/wp-json\/wp\/v2\/product_tag?post=16773"}],"curies":[{"name":"wp","href":"https:\/\/api.w.org\/{rel}","templated":true}]}}