{"id":16826,"date":"2022-05-30T13:06:04","date_gmt":"2024-01-30T09:39:55","guid":{"rendered":"https:\/\/www.snsystems.net\/?post_type=product&#038;p=16826"},"modified":"2024-02-01T14:45:59","modified_gmt":"2024-02-01T13:45:59","slug":"cash-drawer-sn-46x17r-d5-2","status":"publish","type":"product","link":"https:\/\/www.snsystems.net\/en\/prodotto\/cash-drawer-sn-46x17r-d5-2\/","title":{"rendered":"Cash Drawer SN 46x17R D5\u00ae"},"content":{"rendered":"<div class=\"wpb-content-wrapper\"><p>[vc_row][vc_column]<a\thref=\"https:\/\/www.snsystems.net\/wp-content\/uploads\/2024\/02\/TECHNICAL-DATASHEET-ENG-SN-FT-D5-BK.pdf\" \n\t\t\t\tclass=\"button btn_medium btn_theme_color btn_rounded btn_normal_style    \"  target='_blank'><span>download datasheet<\/span><\/a>[\/vc_column][\/vc_row][vc_row][vc_column][vc_column_text]The high standards of product quality are what we believe in. The FLIP TOP series is built to meet the highest standards of quality and safety, with a guaranteed 2 million openings. Various models are available with a wide range of sizes, designs, colors, and cable interface options to meet your specific requirements.<\/p>\n<h5><strong>FLIPTOP Series<\/strong><\/h5>\n<p>The FLIPTOP series is designed for heavy use, ensuring a minimum guaranteed number of 2 million openings. Years of experience and professionalism in production make us a reliable partner, capable of offering high-quality products certified by leading\u00a0<strong>shop furniture manufacturers<\/strong>\u00a0and\u00a0<strong>system integrators.<\/strong>\u00a0Our cash drawers can be used for all types of franchise chains, supermarkets, and retailers.<\/p>\n<h5><strong>FlipTop Cash Drawwer SN D5<\/strong><\/h5>\n<p>[\/vc_column_text]<div class=\"boc_spacing \" style=\"height: 40px\"><\/div>[vc_column_text]<\/p>\n<ul>\n<li>Dimensions: 460 L x 170 W x 100 H (mm)<\/li>\n<\/ul>\n<p><img loading=\"lazy\" decoding=\"async\" class=\"size-full wp-image-16795 aligncenter\" src=\"https:\/\/www.snsystems.net\/wp-content\/uploads\/2022\/05\/10-cm.png\" alt=\"\" width=\"251\" height=\"112\" \/><\/p>\n<ul>\n<li>Structure entirely in steel (from 0.8 mm to 2.00 mm)<\/li>\n<li>Top cover opening system with rounded design<\/li>\n<li>Color: Black,\u00a0 Top cover: Black<\/li>\n<li>Front slot for inserting large bills and receipts<\/li>\n<li>ABS insert: 7 bills \/ 8 coins, fully removable, adjustable bill dividers, and fixed coin compartments (storage under coins for large bills and receipts)<\/li>\n<\/ul>\n<p><img loading=\"lazy\" decoding=\"async\" class=\"size-medium wp-image-11579 aligncenter\" src=\"https:\/\/www.snsystems.net\/wp-content\/uploads\/2022\/05\/SN-46x17-R-D5.2-e1654335763850-300x112.png\" sizes=\"auto, (max-width: 300px) 100vw, 300px\" srcset=\"https:\/\/www.snsystems.net\/wp-content\/uploads\/2022\/05\/SN-46x17-R-D5.2-e1654335763850-300x112.png 300w, https:\/\/www.snsystems.net\/wp-content\/uploads\/2022\/05\/SN-46x17-R-D5.2-e1654335763850-1024x384.png 1024w, https:\/\/www.snsystems.net\/wp-content\/uploads\/2022\/05\/SN-46x17-R-D5.2-e1654335763850-768x288.png 768w, https:\/\/www.snsystems.net\/wp-content\/uploads\/2022\/05\/SN-46x17-R-D5.2-e1654335763850-1536x575.png 1536w, https:\/\/www.snsystems.net\/wp-content\/uploads\/2022\/05\/SN-46x17-R-D5.2-e1654335763850-2048x767.png 2048w, https:\/\/www.snsystems.net\/wp-content\/uploads\/2022\/05\/SN-46x17-R-D5.2-e1654335763850-600x225.png 600w\" alt=\"\" width=\"300\" height=\"112\" \/><\/p>\n<ul>\n<li>Cover with handle and lock included with 2 keys. Single key or 150 different key combinations.<\/li>\n<\/ul>\n<p><img loading=\"lazy\" decoding=\"async\" class=\"size-medium wp-image-11581 aligncenter\" src=\"https:\/\/www.snsystems.net\/wp-content\/uploads\/2022\/05\/SN-46x17-R-D5.3-e1654335723717-300x115.png\" sizes=\"auto, (max-width: 300px) 100vw, 300px\" srcset=\"https:\/\/www.snsystems.net\/wp-content\/uploads\/2022\/05\/SN-46x17-R-D5.3-e1654335723717-300x115.png 300w, https:\/\/www.snsystems.net\/wp-content\/uploads\/2022\/05\/SN-46x17-R-D5.3-e1654335723717-1024x393.png 1024w, https:\/\/www.snsystems.net\/wp-content\/uploads\/2022\/05\/SN-46x17-R-D5.3-e1654335723717-768x295.png 768w, https:\/\/www.snsystems.net\/wp-content\/uploads\/2022\/05\/SN-46x17-R-D5.3-e1654335723717-1536x589.png 1536w, https:\/\/www.snsystems.net\/wp-content\/uploads\/2022\/05\/SN-46x17-R-D5.3-e1654335723717-2048x785.png 2048w, https:\/\/www.snsystems.net\/wp-content\/uploads\/2022\/05\/SN-46x17-R-D5.3-e1654335723717-600x230.png 600w\" alt=\"\" width=\"300\" height=\"115\" \/><\/p>\n<ul>\n<li>External lock: 3 positions. Single key combinations or 25 keys with different combinations.<\/li>\n<li>Solenoid: 6V, 9V, 12V, 24V, 36V, + open\/close sensor<\/li>\n<li>DC interface: RJ11\/12, female RJ12, DSUB9 RJ11\/12<\/li>\n<li>PIN layout: 1# Ground, 2# Solenoid, 3# Microswitch, 4# Solenoid, 5# Microswitch, 6# Signal ground<\/li>\n<li>Cable length: 3.00 m<\/li>\n<li>Weight: 7.0 kg<\/li>\n<li>Tested durability up to 2,000,000 cycles<\/li>\n<\/ul>\n<p><img loading=\"lazy\" decoding=\"async\" class=\"wp-image-11710 aligncenter\" src=\"https:\/\/www.snsystems.net\/wp-content\/uploads\/2022\/05\/e8380fa8101b623e851e617f35692863-e1654334671364-250x300.png\" sizes=\"auto, (max-width: 173px) 100vw, 173px\" srcset=\"https:\/\/www.snsystems.net\/wp-content\/uploads\/2022\/05\/e8380fa8101b623e851e617f35692863-e1654334671364-250x300.png 250w, https:\/\/www.snsystems.net\/wp-content\/uploads\/2022\/05\/e8380fa8101b623e851e617f35692863-e1654334671364-854x1024.png 854w, https:\/\/www.snsystems.net\/wp-content\/uploads\/2022\/05\/e8380fa8101b623e851e617f35692863-e1654334671364-768x921.png 768w, https:\/\/www.snsystems.net\/wp-content\/uploads\/2022\/05\/e8380fa8101b623e851e617f35692863-e1654334671364-1281x1536.png 1281w, https:\/\/www.snsystems.net\/wp-content\/uploads\/2022\/05\/e8380fa8101b623e851e617f35692863-e1654334671364-600x719.png 600w, https:\/\/www.snsystems.net\/wp-content\/uploads\/2022\/05\/e8380fa8101b623e851e617f35692863-e1654334671364.png 1620w\" alt=\"\" width=\"173\" height=\"208\" \/><\/p>\n<ul>\n<li>Certifications: T\u00dcV Mechanical Safe Test Report T\u00dcV Drop Test T\u00dcV Vibration Test T\u00dcV Complies with Directive 2011\/65\/EU on the Restriction of Hazardous Substances (RoHS) CE Certification for Directive(s): 2001\/95\/CE, 2014\/35\/EU<\/li>\n<\/ul>\n<p>[\/vc_column_text][\/vc_column][\/vc_row][vc_row][vc_column][\/vc_column][\/vc_row][vc_row][vc_column][\/vc_column][\/vc_row]<\/p>\n<\/div>","protected":false},"excerpt":{"rendered":"<p>[vc_row][vc_column][\/vc_column][\/vc_row][vc_row][vc_column][vc_column_text]The high standards of product quality are what we believe in. The FLIP TOP series is built to meet the highest standards of quality and safety, with a guaranteed 2 million openings. Various models are available with a wide range of sizes, designs, colors, and cable interface options to meet your specific requirements. FLIPTOP Series The FLIPTOP series is designed<\/p>\n<div class=\"h10\"><\/div>\n<p><a class=\"more-link1\" href=\"https:\/\/www.snsystems.net\/en\/prodotto\/cash-drawer-sn-46x17r-d5-2\/\">Read more<\/a><\/p>\n","protected":false},"featured_media":16815,"template":"","meta":{"_acf_changed":false},"product_brand":[],"product_cat":[491,594],"product_tag":[],"class_list":{"0":"post-16826","1":"product","2":"type-product","3":"status-publish","4":"has-post-thumbnail","6":"product_cat-cash-drawers","7":"product_cat-fliptop-series","9":"first","10":"outofstock","11":"product-type-simple"},"acf":[],"aioseo_notices":[],"_links":{"self":[{"href":"https:\/\/www.snsystems.net\/en\/wp-json\/wp\/v2\/product\/16826","targetHints":{"allow":["GET"]}}],"collection":[{"href":"https:\/\/www.snsystems.net\/en\/wp-json\/wp\/v2\/product"}],"about":[{"href":"https:\/\/www.snsystems.net\/en\/wp-json\/wp\/v2\/types\/product"}],"wp:featuredmedia":[{"embeddable":true,"href":"https:\/\/www.snsystems.net\/en\/wp-json\/wp\/v2\/media\/16815"}],"wp:attachment":[{"href":"https:\/\/www.snsystems.net\/en\/wp-json\/wp\/v2\/media?parent=16826"}],"wp:term":[{"taxonomy":"product_brand","embeddable":true,"href":"https:\/\/www.snsystems.net\/en\/wp-json\/wp\/v2\/product_brand?post=16826"},{"taxonomy":"product_cat","embeddable":true,"href":"https:\/\/www.snsystems.net\/en\/wp-json\/wp\/v2\/product_cat?post=16826"},{"taxonomy":"product_tag","embeddable":true,"href":"https:\/\/www.snsystems.net\/en\/wp-json\/wp\/v2\/product_tag?post=16826"}],"curies":[{"name":"wp","href":"https:\/\/api.w.org\/{rel}","templated":true}]}}